{"id":1760,"date":"2026-02-26T17:36:16","date_gmt":"2026-02-26T17:36:16","guid":{"rendered":"https:\/\/ofertasfer.bcardmexico.com\/?post_type=product&#038;p=1760"},"modified":"2026-03-04T23:38:50","modified_gmt":"2026-03-04T23:38:50","slug":"crema-de-avellana-members-mark-1-kg","status":"publish","type":"product","link":"https:\/\/ofertasfer.bcardmexico.com\/index.php\/product\/crema-de-avellana-members-mark-1-kg\/","title":{"rendered":"Crema de Avellana Member&#8217;s Mark 1 kg"},"content":{"rendered":"<div class=\"expand-collapse-header flex justify-between items-center w-100\">\n<h3 class=\"w-100 ma0 pa3 lh-copy normal f5\">Detalles del art\u00edculo<\/h3>\n<div class=\"pr3\"><\/div>\n<\/div>\n<div class=\"w_zz0G expand-collapse-content\" data-testid=\"ui-collapse-panel\">\n<div class=\"ph3 pb4 pt1\">\n<div class=\"nb3\" data-testid=\"product-description-content\">\n<div class=\"mb3\">\n<div class=\"dangerous-html mb3\">\n<ul>\n<li>Producto de Canad\u00e1<\/li>\n<li>Textura cremosa y suave f\u00e1cil de untar<\/li>\n<li>Certificaci\u00f3n Kosher<\/li>\n<\/ul>\n<\/div>\n<\/div>\n<div class=\"mb3 f6 mid-gray lh-title overflow-visible db\">\n<div class=\"dangerous-html mb3\">\n<div>Prueba la deliciosa\u00a0<b>crema de avellana<\/b>\u00a0de\u00a0<b>Member&#8217;s Mark<\/b>\u00a0y ll\u00e9nate de sensaciones en el paladar.<\/p>\n<p>Esta presentaci\u00f3n es ideal para toda la familia; prepara\u00a0<b>waffles con helado<\/b>, hot cakes o pan franc\u00e9s y acomp\u00e1\u00f1alos con esta crema. Puedes degustarla en la ma\u00f1ana, tarde o noche.<\/p>\n<p>Tambi\u00e9n, puedes realizar\u00a0<b>postres f\u00e1ciles<\/b>\u00a0como cheescake, pasteles o galletas. Disfruta la incre\u00edble sensaci\u00f3n de la avellana con chocolate durante tu desayuno, comida o cena.<\/p>\n<p><b>-Alim\u00e9ntate sanamente<br \/>\n-Consume frutas y verduras<br \/>\n-Haz ejercicio<\/b><\/p>\n<p>As\u00ed como esta\u00a0<i>crema de avellanas<\/i>, encontrar\u00e1s una gran variedad de\u00a0<b>marcas de chocolate<\/b>\u00a0y\u00a0<b>productos de reposter\u00eda<\/b>, esenciales para la elaboraci\u00f3n de\u00a0<b>postres dulces<\/b>. Realiza tus compras por internet y conoce los beneficios que\u00a0<b>Sam\u2019s Club en l\u00ednea<\/b>\u00a0te ofrece. Disfruta del cat\u00e1logo de\u00a0<i>abarrotes secos<\/i>\u00a0en\u00a0<b>Sam\u2019s online<\/b>.<\/div>\n<\/div>\n<\/div>\n<\/div>\n<\/div>\n<\/div>\n","protected":false},"excerpt":{"rendered":"<p>Prueba la deliciosa\u00a0<b>crema de avellana<\/b>\u00a0de\u00a0<b>Member&#8217;s Mark<\/b>\u00a0y ll\u00e9nate de sensaciones en el paladar.<\/p>\n","protected":false},"featured_media":1761,"comment_status":"open","ping_status":"closed","template":"","meta":[],"etheme_brands":[{"term_id":51,"name":"Mark Member","slug":"mark-member","term_group":0,"term_taxonomy_id":51,"taxonomy":"brand","description":"","parent":0,"count":1,"filter":"raw"}],"product_brand":[],"product_cat":[66],"product_tag":[54,53],"class_list":{"0":"post-1760","1":"product","2":"type-product","3":"status-publish","4":"has-post-thumbnail","6":"brand-mark-member","7":"product_cat-reposteria","8":"product_tag-avellana","9":"product_tag-crema","11":"first","12":"instock","13":"shipping-taxable","14":"purchasable","15":"product-type-simple"},"yoast_head":"<!-- This site is optimized with the Yoast SEO Premium plugin v23.4 (Yoast SEO v23.4) - https:\/\/yoast.com\/wordpress\/plugins\/seo\/ -->\n<title>Crema de Avellana Member&#039;s Mark 1 kg - My Company<\/title>\n<meta name=\"robots\" content=\"index, follow, max-snippet:-1, max-image-preview:large, max-video-preview:-1\" \/>\n<link rel=\"canonical\" href=\"https:\/\/ofertasfer.bcardmexico.com\/index.php\/product\/crema-de-avellana-members-mark-1-kg\/\" \/>\n<meta property=\"og:locale\" content=\"es_MX\" \/>\n<meta property=\"og:type\" content=\"article\" \/>\n<meta property=\"og:title\" content=\"Crema de Avellana Member&#039;s Mark 1 kg\" \/>\n<meta property=\"og:description\" content=\"Prueba la deliciosa\u00a0crema de avellana\u00a0de\u00a0Member&#039;s Mark\u00a0y ll\u00e9nate de sensaciones en el paladar.\" \/>\n<meta property=\"og:url\" content=\"https:\/\/ofertasfer.bcardmexico.com\/index.php\/product\/crema-de-avellana-members-mark-1-kg\/\" \/>\n<meta property=\"og:site_name\" content=\"My Company\" \/>\n<meta property=\"article:modified_time\" content=\"2026-03-04T23:38:50+00:00\" \/>\n<meta property=\"og:image\" content=\"https:\/\/ofertasfer.bcardmexico.com\/wp-content\/uploads\/2026\/02\/Crema-Avellana.jpg\" \/>\n\t<meta property=\"og:image:width\" content=\"1080\" \/>\n\t<meta property=\"og:image:height\" content=\"1080\" \/>\n\t<meta property=\"og:image:type\" content=\"image\/jpeg\" \/>\n<meta name=\"twitter:card\" content=\"summary_large_image\" \/>\n<meta name=\"twitter:label1\" content=\"Tiempo de lectura\" \/>\n\t<meta name=\"twitter:data1\" content=\"1 minuto\" \/>\n<script type=\"application\/ld+json\" class=\"yoast-schema-graph\">{\"@context\":\"https:\/\/schema.org\",\"@graph\":[{\"@type\":\"WebPage\",\"@id\":\"https:\/\/ofertasfer.bcardmexico.com\/index.php\/product\/crema-de-avellana-members-mark-1-kg\/\",\"url\":\"https:\/\/ofertasfer.bcardmexico.com\/index.php\/product\/crema-de-avellana-members-mark-1-kg\/\",\"name\":\"Crema de Avellana Member's Mark 1 kg - My Company\",\"isPartOf\":{\"@id\":\"https:\/\/ofertasfer.bcardmexico.com\/#website\"},\"primaryImageOfPage\":{\"@id\":\"https:\/\/ofertasfer.bcardmexico.com\/index.php\/product\/crema-de-avellana-members-mark-1-kg\/#primaryimage\"},\"image\":{\"@id\":\"https:\/\/ofertasfer.bcardmexico.com\/index.php\/product\/crema-de-avellana-members-mark-1-kg\/#primaryimage\"},\"thumbnailUrl\":\"https:\/\/ofertasfer.bcardmexico.com\/wp-content\/uploads\/2026\/02\/Crema-Avellana.jpg\",\"datePublished\":\"2026-02-26T17:36:16+00:00\",\"dateModified\":\"2026-03-04T23:38:50+00:00\",\"breadcrumb\":{\"@id\":\"https:\/\/ofertasfer.bcardmexico.com\/index.php\/product\/crema-de-avellana-members-mark-1-kg\/#breadcrumb\"},\"inLanguage\":\"es\",\"potentialAction\":[{\"@type\":\"ReadAction\",\"target\":[\"https:\/\/ofertasfer.bcardmexico.com\/index.php\/product\/crema-de-avellana-members-mark-1-kg\/\"]}]},{\"@type\":\"ImageObject\",\"inLanguage\":\"es\",\"@id\":\"https:\/\/ofertasfer.bcardmexico.com\/index.php\/product\/crema-de-avellana-members-mark-1-kg\/#primaryimage\",\"url\":\"https:\/\/ofertasfer.bcardmexico.com\/wp-content\/uploads\/2026\/02\/Crema-Avellana.jpg\",\"contentUrl\":\"https:\/\/ofertasfer.bcardmexico.com\/wp-content\/uploads\/2026\/02\/Crema-Avellana.jpg\",\"width\":1080,\"height\":1080},{\"@type\":\"BreadcrumbList\",\"@id\":\"https:\/\/ofertasfer.bcardmexico.com\/index.php\/product\/crema-de-avellana-members-mark-1-kg\/#breadcrumb\",\"itemListElement\":[{\"@type\":\"ListItem\",\"position\":1,\"name\":\"Inicio\",\"item\":\"https:\/\/ofertasfer.bcardmexico.com\/\"},{\"@type\":\"ListItem\",\"position\":2,\"name\":\"Shop\",\"item\":\"https:\/\/ofertasfer.bcardmexico.com\/index.php\/shop\/\"},{\"@type\":\"ListItem\",\"position\":3,\"name\":\"Crema de Avellana Member&#8217;s Mark 1 kg\"}]},{\"@type\":\"WebSite\",\"@id\":\"https:\/\/ofertasfer.bcardmexico.com\/#website\",\"url\":\"https:\/\/ofertasfer.bcardmexico.com\/\",\"name\":\"Tienda Fer\",\"description\":\"\",\"publisher\":{\"@id\":\"https:\/\/ofertasfer.bcardmexico.com\/#organization\"},\"alternateName\":\"Tienda Fer\",\"potentialAction\":[{\"@type\":\"SearchAction\",\"target\":{\"@type\":\"EntryPoint\",\"urlTemplate\":\"https:\/\/ofertasfer.bcardmexico.com\/?s={search_term_string}\"},\"query-input\":{\"@type\":\"PropertyValueSpecification\",\"valueRequired\":true,\"valueName\":\"search_term_string\"}}],\"inLanguage\":\"es\"},{\"@type\":\"Organization\",\"@id\":\"https:\/\/ofertasfer.bcardmexico.com\/#organization\",\"name\":\"Tienda Fer\",\"url\":\"https:\/\/ofertasfer.bcardmexico.com\/\",\"logo\":{\"@type\":\"ImageObject\",\"inLanguage\":\"es\",\"@id\":\"https:\/\/ofertasfer.bcardmexico.com\/#\/schema\/logo\/image\/\",\"url\":\"https:\/\/ofertasfer.bcardmexico.com\/wp-content\/uploads\/2022\/06\/Logo-cars-2x.png\",\"contentUrl\":\"https:\/\/ofertasfer.bcardmexico.com\/wp-content\/uploads\/2022\/06\/Logo-cars-2x.png\",\"width\":355,\"height\":130,\"caption\":\"Tienda Fer\"},\"image\":{\"@id\":\"https:\/\/ofertasfer.bcardmexico.com\/#\/schema\/logo\/image\/\"}}]}<\/script>\n<!-- \/ Yoast SEO Premium plugin. -->","yoast_head_json":{"title":"Crema de Avellana Member's Mark 1 kg - My Company","robots":{"index":"index","follow":"follow","max-snippet":"max-snippet:-1","max-image-preview":"max-image-preview:large","max-video-preview":"max-video-preview:-1"},"canonical":"https:\/\/ofertasfer.bcardmexico.com\/index.php\/product\/crema-de-avellana-members-mark-1-kg\/","og_locale":"es_MX","og_type":"article","og_title":"Crema de Avellana Member's Mark 1 kg","og_description":"Prueba la deliciosa\u00a0crema de avellana\u00a0de\u00a0Member's Mark\u00a0y ll\u00e9nate de sensaciones en el paladar.","og_url":"https:\/\/ofertasfer.bcardmexico.com\/index.php\/product\/crema-de-avellana-members-mark-1-kg\/","og_site_name":"My Company","article_modified_time":"2026-03-04T23:38:50+00:00","og_image":[{"width":1080,"height":1080,"url":"https:\/\/ofertasfer.bcardmexico.com\/wp-content\/uploads\/2026\/02\/Crema-Avellana.jpg","type":"image\/jpeg"}],"twitter_card":"summary_large_image","twitter_misc":{"Tiempo de lectura":"1 minuto"},"schema":{"@context":"https:\/\/schema.org","@graph":[{"@type":"WebPage","@id":"https:\/\/ofertasfer.bcardmexico.com\/index.php\/product\/crema-de-avellana-members-mark-1-kg\/","url":"https:\/\/ofertasfer.bcardmexico.com\/index.php\/product\/crema-de-avellana-members-mark-1-kg\/","name":"Crema de Avellana Member's Mark 1 kg - My Company","isPartOf":{"@id":"https:\/\/ofertasfer.bcardmexico.com\/#website"},"primaryImageOfPage":{"@id":"https:\/\/ofertasfer.bcardmexico.com\/index.php\/product\/crema-de-avellana-members-mark-1-kg\/#primaryimage"},"image":{"@id":"https:\/\/ofertasfer.bcardmexico.com\/index.php\/product\/crema-de-avellana-members-mark-1-kg\/#primaryimage"},"thumbnailUrl":"https:\/\/ofertasfer.bcardmexico.com\/wp-content\/uploads\/2026\/02\/Crema-Avellana.jpg","datePublished":"2026-02-26T17:36:16+00:00","dateModified":"2026-03-04T23:38:50+00:00","breadcrumb":{"@id":"https:\/\/ofertasfer.bcardmexico.com\/index.php\/product\/crema-de-avellana-members-mark-1-kg\/#breadcrumb"},"inLanguage":"es","potentialAction":[{"@type":"ReadAction","target":["https:\/\/ofertasfer.bcardmexico.com\/index.php\/product\/crema-de-avellana-members-mark-1-kg\/"]}]},{"@type":"ImageObject","inLanguage":"es","@id":"https:\/\/ofertasfer.bcardmexico.com\/index.php\/product\/crema-de-avellana-members-mark-1-kg\/#primaryimage","url":"https:\/\/ofertasfer.bcardmexico.com\/wp-content\/uploads\/2026\/02\/Crema-Avellana.jpg","contentUrl":"https:\/\/ofertasfer.bcardmexico.com\/wp-content\/uploads\/2026\/02\/Crema-Avellana.jpg","width":1080,"height":1080},{"@type":"BreadcrumbList","@id":"https:\/\/ofertasfer.bcardmexico.com\/index.php\/product\/crema-de-avellana-members-mark-1-kg\/#breadcrumb","itemListElement":[{"@type":"ListItem","position":1,"name":"Inicio","item":"https:\/\/ofertasfer.bcardmexico.com\/"},{"@type":"ListItem","position":2,"name":"Shop","item":"https:\/\/ofertasfer.bcardmexico.com\/index.php\/shop\/"},{"@type":"ListItem","position":3,"name":"Crema de Avellana Member&#8217;s Mark 1 kg"}]},{"@type":"WebSite","@id":"https:\/\/ofertasfer.bcardmexico.com\/#website","url":"https:\/\/ofertasfer.bcardmexico.com\/","name":"Tienda Fer","description":"","publisher":{"@id":"https:\/\/ofertasfer.bcardmexico.com\/#organization"},"alternateName":"Tienda Fer","potentialAction":[{"@type":"SearchAction","target":{"@type":"EntryPoint","urlTemplate":"https:\/\/ofertasfer.bcardmexico.com\/?s={search_term_string}"},"query-input":{"@type":"PropertyValueSpecification","valueRequired":true,"valueName":"search_term_string"}}],"inLanguage":"es"},{"@type":"Organization","@id":"https:\/\/ofertasfer.bcardmexico.com\/#organization","name":"Tienda Fer","url":"https:\/\/ofertasfer.bcardmexico.com\/","logo":{"@type":"ImageObject","inLanguage":"es","@id":"https:\/\/ofertasfer.bcardmexico.com\/#\/schema\/logo\/image\/","url":"https:\/\/ofertasfer.bcardmexico.com\/wp-content\/uploads\/2022\/06\/Logo-cars-2x.png","contentUrl":"https:\/\/ofertasfer.bcardmexico.com\/wp-content\/uploads\/2022\/06\/Logo-cars-2x.png","width":355,"height":130,"caption":"Tienda Fer"},"image":{"@id":"https:\/\/ofertasfer.bcardmexico.com\/#\/schema\/logo\/image\/"}}]}},"_links":{"self":[{"href":"https:\/\/ofertasfer.bcardmexico.com\/index.php\/wp-json\/wp\/v2\/product\/1760","targetHints":{"allow":["GET"]}}],"collection":[{"href":"https:\/\/ofertasfer.bcardmexico.com\/index.php\/wp-json\/wp\/v2\/product"}],"about":[{"href":"https:\/\/ofertasfer.bcardmexico.com\/index.php\/wp-json\/wp\/v2\/types\/product"}],"replies":[{"embeddable":true,"href":"https:\/\/ofertasfer.bcardmexico.com\/index.php\/wp-json\/wp\/v2\/comments?post=1760"}],"version-history":[{"count":1,"href":"https:\/\/ofertasfer.bcardmexico.com\/index.php\/wp-json\/wp\/v2\/product\/1760\/revisions"}],"predecessor-version":[{"id":1763,"href":"https:\/\/ofertasfer.bcardmexico.com\/index.php\/wp-json\/wp\/v2\/product\/1760\/revisions\/1763"}],"wp:featuredmedia":[{"embeddable":true,"href":"https:\/\/ofertasfer.bcardmexico.com\/index.php\/wp-json\/wp\/v2\/media\/1761"}],"wp:attachment":[{"href":"https:\/\/ofertasfer.bcardmexico.com\/index.php\/wp-json\/wp\/v2\/media?parent=1760"}],"wp:term":[{"taxonomy":"brand","embeddable":true,"href":"https:\/\/ofertasfer.bcardmexico.com\/index.php\/wp-json\/wp\/v2\/etheme_brands?post=1760"},{"taxonomy":"product_brand","embeddable":true,"href":"https:\/\/ofertasfer.bcardmexico.com\/index.php\/wp-json\/wp\/v2\/product_brand?post=1760"},{"taxonomy":"product_cat","embeddable":true,"href":"https:\/\/ofertasfer.bcardmexico.com\/index.php\/wp-json\/wp\/v2\/product_cat?post=1760"},{"taxonomy":"product_tag","embeddable":true,"href":"https:\/\/ofertasfer.bcardmexico.com\/index.php\/wp-json\/wp\/v2\/product_tag?post=1760"}],"curies":[{"name":"wp","href":"https:\/\/api.w.org\/{rel}","templated":true}]}}