{"id":1773,"date":"2026-02-26T18:17:11","date_gmt":"2026-02-26T18:17:11","guid":{"rendered":"https:\/\/ofertasfer.bcardmexico.com\/?post_type=product&#038;p=1773"},"modified":"2026-03-04T23:01:42","modified_gmt":"2026-03-04T23:01:42","slug":"puratos-ambiante-non-dairy-crema-extra-estable-1-ltr","status":"publish","type":"product","link":"https:\/\/ofertasfer.bcardmexico.com\/index.php\/product\/puratos-ambiante-non-dairy-crema-extra-estable-1-ltr\/","title":{"rendered":"Puratos ambiante Non-Dairy Crema Extra Estable \u2013 1 LTR"},"content":{"rendered":"<p>Perfecta estabilidad Cobertura uniforme F\u00e1cil de usar Mayor rendimiento que las cremas animales Permite la adici\u00f3n de sabores para rellenos, ganache, etc. Acepta la incorporaci\u00f3n de c\u00edtricos, saborizantes y colorantes Textura lisa, suave y duradera<\/p>\n","protected":false},"excerpt":{"rendered":"<table class=\"a-normal a-spacing-micro\" role=\"list\">\n<tbody>\n<tr class=\"a-spacing-small po-brand\" role=\"listitem\">\n<td class=\"a-span3\" role=\"presentation\"><span class=\"a-size-base a-text-bold\">Marca<\/span><\/td>\n<td class=\"a-span9\" role=\"presentation\"><span class=\"a-size-base po-break-word\">AMBIANTE<\/span><\/td>\n<\/tr>\n<tr class=\"a-spacing-small po-flavor\" role=\"listitem\">\n<td class=\"a-span3\" role=\"presentation\"><span class=\"a-size-base a-text-bold\">Sabor<\/span><\/td>\n<td class=\"a-span9\" role=\"presentation\"><span class=\"a-size-base po-break-word\">Neutro<\/span><\/td>\n<\/tr>\n<tr class=\"a-spacing-small po-item_form\" role=\"listitem\">\n<td class=\"a-span3\" role=\"presentation\"><span class=\"a-size-base a-text-bold\">Forma del producto<\/span><\/td>\n<td class=\"a-span9\" role=\"presentation\"><span class=\"a-size-base po-break-word\">liquid<\/span><\/td>\n<\/tr>\n<tr class=\"a-spacing-small po-item_package_weight\" role=\"listitem\">\n<td class=\"a-span3\" role=\"presentation\"><span class=\"a-size-base a-text-bold\">Peso del paquete<\/span><\/td>\n<td class=\"a-span9\" role=\"presentation\"><span class=\"a-size-base po-break-word\">2 Kilogramos<\/span><\/td>\n<\/tr>\n<tr class=\"a-spacing-small po-number_of_items\" role=\"listitem\">\n<td class=\"a-span3\" role=\"presentation\"><span class=\"a-size-base a-text-bold\">N\u00famero de art\u00edculos<\/span><\/td>\n<td class=\"a-span9\" role=\"presentation\"><span class=\"a-size-base po-break-word\">12<\/span><\/td>\n<\/tr>\n<tr class=\"a-spacing-small po-manufacturer\" role=\"listitem\">\n<td class=\"a-span3\" role=\"presentation\"><span class=\"a-size-base a-text-bold\">Fabricante<\/span><\/td>\n<td class=\"a-span9\" role=\"presentation\"><span class=\"a-size-base po-break-word\">PURATOS<\/span><\/td>\n<\/tr>\n<tr class=\"a-spacing-small po-unit_count\" role=\"listitem\">\n<td class=\"a-span3\" role=\"presentation\"><span class=\"a-size-base a-text-bold\">Cantidad de unidades<\/span><\/td>\n<td class=\"a-span9\" role=\"presentation\"><span class=\"a-size-base po-break-word\">12000 mililitro<\/span><\/td>\n<\/tr>\n<\/tbody>\n<\/table>\n","protected":false},"featured_media":1774,"comment_status":"open","ping_status":"closed","template":"","meta":[],"etheme_brands":[{"term_id":67,"name":"Puratos","slug":"puratos","term_group":0,"term_taxonomy_id":67,"taxonomy":"brand","description":"","parent":0,"count":1,"filter":"raw"}],"product_brand":[],"product_cat":[66],"product_tag":[53,68],"class_list":{"0":"post-1773","1":"product","2":"type-product","3":"status-publish","4":"has-post-thumbnail","6":"brand-puratos","7":"product_cat-reposteria","8":"product_tag-crema","9":"product_tag-reposteria","11":"first","12":"instock","13":"shipping-taxable","14":"purchasable","15":"product-type-simple"},"yoast_head":"<!-- This site is optimized with the Yoast SEO Premium plugin v23.4 (Yoast SEO v23.4) - https:\/\/yoast.com\/wordpress\/plugins\/seo\/ -->\n<title>Puratos ambiante Non-Dairy Crema Extra Estable \u2013 1 LTR - My Company<\/title>\n<meta name=\"robots\" content=\"index, follow, max-snippet:-1, max-image-preview:large, max-video-preview:-1\" \/>\n<link rel=\"canonical\" href=\"https:\/\/ofertasfer.bcardmexico.com\/index.php\/product\/puratos-ambiante-non-dairy-crema-extra-estable-1-ltr\/\" \/>\n<meta property=\"og:locale\" content=\"es_MX\" \/>\n<meta property=\"og:type\" content=\"article\" \/>\n<meta property=\"og:title\" content=\"Puratos ambiante Non-Dairy Crema Extra Estable \u2013 1 LTR\" \/>\n<meta property=\"og:description\" content=\"Marca AMBIANTE   Sabor Neutro   Forma del producto liquid   Peso del paquete 2 Kilogramos   N\u00famero de art\u00edculos 12   Fabricante PURATOS   Cantidad de unidades 12000 mililitro\" \/>\n<meta property=\"og:url\" content=\"https:\/\/ofertasfer.bcardmexico.com\/index.php\/product\/puratos-ambiante-non-dairy-crema-extra-estable-1-ltr\/\" \/>\n<meta property=\"og:site_name\" content=\"My Company\" \/>\n<meta property=\"article:modified_time\" content=\"2026-03-04T23:01:42+00:00\" \/>\n<meta property=\"og:image\" content=\"https:\/\/ofertasfer.bcardmexico.com\/wp-content\/uploads\/2026\/02\/Puratos.jpg\" \/>\n\t<meta property=\"og:image:width\" content=\"1080\" \/>\n\t<meta property=\"og:image:height\" content=\"1080\" \/>\n\t<meta property=\"og:image:type\" content=\"image\/jpeg\" \/>\n<meta name=\"twitter:card\" content=\"summary_large_image\" \/>\n<script type=\"application\/ld+json\" class=\"yoast-schema-graph\">{\"@context\":\"https:\/\/schema.org\",\"@graph\":[{\"@type\":\"WebPage\",\"@id\":\"https:\/\/ofertasfer.bcardmexico.com\/index.php\/product\/puratos-ambiante-non-dairy-crema-extra-estable-1-ltr\/\",\"url\":\"https:\/\/ofertasfer.bcardmexico.com\/index.php\/product\/puratos-ambiante-non-dairy-crema-extra-estable-1-ltr\/\",\"name\":\"Puratos ambiante Non-Dairy Crema Extra Estable \u2013 1 LTR - My Company\",\"isPartOf\":{\"@id\":\"https:\/\/ofertasfer.bcardmexico.com\/#website\"},\"primaryImageOfPage\":{\"@id\":\"https:\/\/ofertasfer.bcardmexico.com\/index.php\/product\/puratos-ambiante-non-dairy-crema-extra-estable-1-ltr\/#primaryimage\"},\"image\":{\"@id\":\"https:\/\/ofertasfer.bcardmexico.com\/index.php\/product\/puratos-ambiante-non-dairy-crema-extra-estable-1-ltr\/#primaryimage\"},\"thumbnailUrl\":\"https:\/\/ofertasfer.bcardmexico.com\/wp-content\/uploads\/2026\/02\/Puratos.jpg\",\"datePublished\":\"2026-02-26T18:17:11+00:00\",\"dateModified\":\"2026-03-04T23:01:42+00:00\",\"breadcrumb\":{\"@id\":\"https:\/\/ofertasfer.bcardmexico.com\/index.php\/product\/puratos-ambiante-non-dairy-crema-extra-estable-1-ltr\/#breadcrumb\"},\"inLanguage\":\"es\",\"potentialAction\":[{\"@type\":\"ReadAction\",\"target\":[\"https:\/\/ofertasfer.bcardmexico.com\/index.php\/product\/puratos-ambiante-non-dairy-crema-extra-estable-1-ltr\/\"]}]},{\"@type\":\"ImageObject\",\"inLanguage\":\"es\",\"@id\":\"https:\/\/ofertasfer.bcardmexico.com\/index.php\/product\/puratos-ambiante-non-dairy-crema-extra-estable-1-ltr\/#primaryimage\",\"url\":\"https:\/\/ofertasfer.bcardmexico.com\/wp-content\/uploads\/2026\/02\/Puratos.jpg\",\"contentUrl\":\"https:\/\/ofertasfer.bcardmexico.com\/wp-content\/uploads\/2026\/02\/Puratos.jpg\",\"width\":1080,\"height\":1080},{\"@type\":\"BreadcrumbList\",\"@id\":\"https:\/\/ofertasfer.bcardmexico.com\/index.php\/product\/puratos-ambiante-non-dairy-crema-extra-estable-1-ltr\/#breadcrumb\",\"itemListElement\":[{\"@type\":\"ListItem\",\"position\":1,\"name\":\"Inicio\",\"item\":\"https:\/\/ofertasfer.bcardmexico.com\/\"},{\"@type\":\"ListItem\",\"position\":2,\"name\":\"Shop\",\"item\":\"https:\/\/ofertasfer.bcardmexico.com\/index.php\/shop\/\"},{\"@type\":\"ListItem\",\"position\":3,\"name\":\"Puratos ambiante Non-Dairy Crema Extra Estable \u2013 1 LTR\"}]},{\"@type\":\"WebSite\",\"@id\":\"https:\/\/ofertasfer.bcardmexico.com\/#website\",\"url\":\"https:\/\/ofertasfer.bcardmexico.com\/\",\"name\":\"Tienda Fer\",\"description\":\"\",\"publisher\":{\"@id\":\"https:\/\/ofertasfer.bcardmexico.com\/#organization\"},\"alternateName\":\"Tienda Fer\",\"potentialAction\":[{\"@type\":\"SearchAction\",\"target\":{\"@type\":\"EntryPoint\",\"urlTemplate\":\"https:\/\/ofertasfer.bcardmexico.com\/?s={search_term_string}\"},\"query-input\":{\"@type\":\"PropertyValueSpecification\",\"valueRequired\":true,\"valueName\":\"search_term_string\"}}],\"inLanguage\":\"es\"},{\"@type\":\"Organization\",\"@id\":\"https:\/\/ofertasfer.bcardmexico.com\/#organization\",\"name\":\"Tienda Fer\",\"url\":\"https:\/\/ofertasfer.bcardmexico.com\/\",\"logo\":{\"@type\":\"ImageObject\",\"inLanguage\":\"es\",\"@id\":\"https:\/\/ofertasfer.bcardmexico.com\/#\/schema\/logo\/image\/\",\"url\":\"https:\/\/ofertasfer.bcardmexico.com\/wp-content\/uploads\/2022\/06\/Logo-cars-2x.png\",\"contentUrl\":\"https:\/\/ofertasfer.bcardmexico.com\/wp-content\/uploads\/2022\/06\/Logo-cars-2x.png\",\"width\":355,\"height\":130,\"caption\":\"Tienda Fer\"},\"image\":{\"@id\":\"https:\/\/ofertasfer.bcardmexico.com\/#\/schema\/logo\/image\/\"}}]}<\/script>\n<!-- \/ Yoast SEO Premium plugin. -->","yoast_head_json":{"title":"Puratos ambiante Non-Dairy Crema Extra Estable \u2013 1 LTR - My Company","robots":{"index":"index","follow":"follow","max-snippet":"max-snippet:-1","max-image-preview":"max-image-preview:large","max-video-preview":"max-video-preview:-1"},"canonical":"https:\/\/ofertasfer.bcardmexico.com\/index.php\/product\/puratos-ambiante-non-dairy-crema-extra-estable-1-ltr\/","og_locale":"es_MX","og_type":"article","og_title":"Puratos ambiante Non-Dairy Crema Extra Estable \u2013 1 LTR","og_description":"Marca AMBIANTE   Sabor Neutro   Forma del producto liquid   Peso del paquete 2 Kilogramos   N\u00famero de art\u00edculos 12   Fabricante PURATOS   Cantidad de unidades 12000 mililitro","og_url":"https:\/\/ofertasfer.bcardmexico.com\/index.php\/product\/puratos-ambiante-non-dairy-crema-extra-estable-1-ltr\/","og_site_name":"My Company","article_modified_time":"2026-03-04T23:01:42+00:00","og_image":[{"width":1080,"height":1080,"url":"https:\/\/ofertasfer.bcardmexico.com\/wp-content\/uploads\/2026\/02\/Puratos.jpg","type":"image\/jpeg"}],"twitter_card":"summary_large_image","schema":{"@context":"https:\/\/schema.org","@graph":[{"@type":"WebPage","@id":"https:\/\/ofertasfer.bcardmexico.com\/index.php\/product\/puratos-ambiante-non-dairy-crema-extra-estable-1-ltr\/","url":"https:\/\/ofertasfer.bcardmexico.com\/index.php\/product\/puratos-ambiante-non-dairy-crema-extra-estable-1-ltr\/","name":"Puratos ambiante Non-Dairy Crema Extra Estable \u2013 1 LTR - My Company","isPartOf":{"@id":"https:\/\/ofertasfer.bcardmexico.com\/#website"},"primaryImageOfPage":{"@id":"https:\/\/ofertasfer.bcardmexico.com\/index.php\/product\/puratos-ambiante-non-dairy-crema-extra-estable-1-ltr\/#primaryimage"},"image":{"@id":"https:\/\/ofertasfer.bcardmexico.com\/index.php\/product\/puratos-ambiante-non-dairy-crema-extra-estable-1-ltr\/#primaryimage"},"thumbnailUrl":"https:\/\/ofertasfer.bcardmexico.com\/wp-content\/uploads\/2026\/02\/Puratos.jpg","datePublished":"2026-02-26T18:17:11+00:00","dateModified":"2026-03-04T23:01:42+00:00","breadcrumb":{"@id":"https:\/\/ofertasfer.bcardmexico.com\/index.php\/product\/puratos-ambiante-non-dairy-crema-extra-estable-1-ltr\/#breadcrumb"},"inLanguage":"es","potentialAction":[{"@type":"ReadAction","target":["https:\/\/ofertasfer.bcardmexico.com\/index.php\/product\/puratos-ambiante-non-dairy-crema-extra-estable-1-ltr\/"]}]},{"@type":"ImageObject","inLanguage":"es","@id":"https:\/\/ofertasfer.bcardmexico.com\/index.php\/product\/puratos-ambiante-non-dairy-crema-extra-estable-1-ltr\/#primaryimage","url":"https:\/\/ofertasfer.bcardmexico.com\/wp-content\/uploads\/2026\/02\/Puratos.jpg","contentUrl":"https:\/\/ofertasfer.bcardmexico.com\/wp-content\/uploads\/2026\/02\/Puratos.jpg","width":1080,"height":1080},{"@type":"BreadcrumbList","@id":"https:\/\/ofertasfer.bcardmexico.com\/index.php\/product\/puratos-ambiante-non-dairy-crema-extra-estable-1-ltr\/#breadcrumb","itemListElement":[{"@type":"ListItem","position":1,"name":"Inicio","item":"https:\/\/ofertasfer.bcardmexico.com\/"},{"@type":"ListItem","position":2,"name":"Shop","item":"https:\/\/ofertasfer.bcardmexico.com\/index.php\/shop\/"},{"@type":"ListItem","position":3,"name":"Puratos ambiante Non-Dairy Crema Extra Estable \u2013 1 LTR"}]},{"@type":"WebSite","@id":"https:\/\/ofertasfer.bcardmexico.com\/#website","url":"https:\/\/ofertasfer.bcardmexico.com\/","name":"Tienda Fer","description":"","publisher":{"@id":"https:\/\/ofertasfer.bcardmexico.com\/#organization"},"alternateName":"Tienda Fer","potentialAction":[{"@type":"SearchAction","target":{"@type":"EntryPoint","urlTemplate":"https:\/\/ofertasfer.bcardmexico.com\/?s={search_term_string}"},"query-input":{"@type":"PropertyValueSpecification","valueRequired":true,"valueName":"search_term_string"}}],"inLanguage":"es"},{"@type":"Organization","@id":"https:\/\/ofertasfer.bcardmexico.com\/#organization","name":"Tienda Fer","url":"https:\/\/ofertasfer.bcardmexico.com\/","logo":{"@type":"ImageObject","inLanguage":"es","@id":"https:\/\/ofertasfer.bcardmexico.com\/#\/schema\/logo\/image\/","url":"https:\/\/ofertasfer.bcardmexico.com\/wp-content\/uploads\/2022\/06\/Logo-cars-2x.png","contentUrl":"https:\/\/ofertasfer.bcardmexico.com\/wp-content\/uploads\/2022\/06\/Logo-cars-2x.png","width":355,"height":130,"caption":"Tienda Fer"},"image":{"@id":"https:\/\/ofertasfer.bcardmexico.com\/#\/schema\/logo\/image\/"}}]}},"_links":{"self":[{"href":"https:\/\/ofertasfer.bcardmexico.com\/index.php\/wp-json\/wp\/v2\/product\/1773","targetHints":{"allow":["GET"]}}],"collection":[{"href":"https:\/\/ofertasfer.bcardmexico.com\/index.php\/wp-json\/wp\/v2\/product"}],"about":[{"href":"https:\/\/ofertasfer.bcardmexico.com\/index.php\/wp-json\/wp\/v2\/types\/product"}],"replies":[{"embeddable":true,"href":"https:\/\/ofertasfer.bcardmexico.com\/index.php\/wp-json\/wp\/v2\/comments?post=1773"}],"version-history":[{"count":1,"href":"https:\/\/ofertasfer.bcardmexico.com\/index.php\/wp-json\/wp\/v2\/product\/1773\/revisions"}],"predecessor-version":[{"id":1775,"href":"https:\/\/ofertasfer.bcardmexico.com\/index.php\/wp-json\/wp\/v2\/product\/1773\/revisions\/1775"}],"wp:featuredmedia":[{"embeddable":true,"href":"https:\/\/ofertasfer.bcardmexico.com\/index.php\/wp-json\/wp\/v2\/media\/1774"}],"wp:attachment":[{"href":"https:\/\/ofertasfer.bcardmexico.com\/index.php\/wp-json\/wp\/v2\/media?parent=1773"}],"wp:term":[{"taxonomy":"brand","embeddable":true,"href":"https:\/\/ofertasfer.bcardmexico.com\/index.php\/wp-json\/wp\/v2\/etheme_brands?post=1773"},{"taxonomy":"product_brand","embeddable":true,"href":"https:\/\/ofertasfer.bcardmexico.com\/index.php\/wp-json\/wp\/v2\/product_brand?post=1773"},{"taxonomy":"product_cat","embeddable":true,"href":"https:\/\/ofertasfer.bcardmexico.com\/index.php\/wp-json\/wp\/v2\/product_cat?post=1773"},{"taxonomy":"product_tag","embeddable":true,"href":"https:\/\/ofertasfer.bcardmexico.com\/index.php\/wp-json\/wp\/v2\/product_tag?post=1773"}],"curies":[{"name":"wp","href":"https:\/\/api.w.org\/{rel}","templated":true}]}}